{"id":3497,"date":"2024-03-23T18:35:04","date_gmt":"2024-03-23T18:35:04","guid":{"rendered":"https:\/\/jnanashikshakendra.com\/cart\/"},"modified":"2024-03-23T18:35:04","modified_gmt":"2024-03-23T18:35:04","slug":"cart","status":"publish","type":"page","link":"https:\/\/jnanashikshakendra.com\/kn\/cart\/","title":{"rendered":"Cart"},"content":{"rendered":"<div data-block-name=\"woocommerce\/cart\" class=\"wp-block-woocommerce-cart alignwide is-loading\">\n<div data-block-name=\"woocommerce\/filled-cart-block\" class=\"wp-block-woocommerce-filled-cart-block\">\n<div data-block-name=\"woocommerce\/cart-items-block\" class=\"wp-block-woocommerce-cart-items-block\">\n<div data-block-name=\"woocommerce\/cart-line-items-block\" class=\"wp-block-woocommerce-cart-line-items-block\"><\/div>\n\n\n\n<div data-block-name=\"woocommerce\/cart-cross-sells-block\" class=\"wp-block-woocommerce-cart-cross-sells-block\">\n<h2 class=\"wp-block-heading has-large-font-size\">You may be interested in\u2026<\/h2>\n\n\n\n<div data-block-name=\"woocommerce\/cart-cross-sells-products-block\" class=\"wp-block-woocommerce-cart-cross-sells-products-block\"><\/div>\n<\/div>\n<\/div>\n\n\n\n<div data-block-name=\"woocommerce\/cart-totals-block\" class=\"wp-block-woocommerce-cart-totals-block\">\n<div data-block-name=\"woocommerce\/cart-order-summary-block\" class=\"wp-block-woocommerce-cart-order-summary-block\">\n<div data-block-name=\"woocommerce\/cart-order-summary-heading-block\" class=\"wp-block-woocommerce-cart-order-summary-heading-block\"><\/div><div data-block-name=\"woocommerce\/cart-order-summary-coupon-form-block\" class=\"wp-block-woocommerce-cart-order-summary-coupon-form-block\"><\/div><div data-block-name=\"woocommerce\/cart-order-summary-totals-block\" class=\"wp-block-woocommerce-cart-order-summary-totals-block\">\n<div data-block-name=\"woocommerce\/cart-order-summary-subtotal-block\" class=\"wp-block-woocommerce-cart-order-summary-subtotal-block\"><\/div>\n<div data-block-name=\"woocommerce\/cart-order-summary-discount-block\" class=\"wp-block-woocommerce-cart-order-summary-discount-block\"><\/div>\n<div data-block-name=\"woocommerce\/cart-order-summary-fee-block\" class=\"wp-block-woocommerce-cart-order-summary-fee-block\"><\/div>\n<div data-block-name=\"woocommerce\/cart-order-summary-shipping-block\" class=\"wp-block-woocommerce-cart-order-summary-shipping-block\"><\/div>\n<div data-block-name=\"woocommerce\/cart-order-summary-taxes-block\" class=\"wp-block-woocommerce-cart-order-summary-taxes-block\"><\/div><\/div>\n<\/div>\n\n\n\n<div data-block-name=\"woocommerce\/cart-express-payment-block\" class=\"wp-block-woocommerce-cart-express-payment-block\"><\/div>\n\n\n\n<div data-block-name=\"woocommerce\/proceed-to-checkout-block\" class=\"wp-block-woocommerce-proceed-to-checkout-block\"><\/div>\n\n\n\n<div data-block-name=\"woocommerce\/cart-accepted-payment-methods-block\" class=\"wp-block-woocommerce-cart-accepted-payment-methods-block\"><\/div>\n<\/div>\n<\/div>\n\n\n\n<div data-block-name=\"woocommerce\/empty-cart-block\" class=\"wp-block-woocommerce-empty-cart-block\">\n<h2 class=\"wp-block-heading has-text-align-center with-empty-cart-icon wc-block-cart__empty-cart__title\">Your cart is currently empty!<\/h2>\n\n\n\n<hr class=\"wp-block-separator has-alpha-channel-opacity is-style-dots\"\/>\n\n\n\n<h2 class=\"wp-block-heading has-text-align-center\">New in store<\/h2>\n\n\n<div data-block-name=\"woocommerce\/product-new\" data-columns=\"4\" data-rows=\"1\" class=\"wc-block-grid wp-block-product-new wp-block-woocommerce-product-new wc-block-product-new has-4-columns\"><ul class=\"wc-block-grid__products\"><li class=\"wc-block-grid__product\">\n\t\t\t\t<a href=\"https:\/\/jnanashikshakendra.com\/kn\/product\/canva-master-2\/\" class=\"wc-block-grid__product-link\">\n\t\t\t\t\t<div class=\"wc-block-grid__product-onsale\">\n\t\t\t<span aria-hidden=\"true\" data-no-translation=\"\" data-trp-gettext=\"\">Sale<\/span>\n\t\t\t<span class=\"screen-reader-text\" data-no-translation=\"\" data-trp-gettext=\"\">Product on sale<\/span>\n\t\t<\/div>\n\t\t\t\t\t<div class=\"wc-block-grid__product-image\"><img fetchpriority=\"high\" decoding=\"async\" width=\"300\" height=\"300\" src=\"https:\/\/jnanashikshakendra.com\/wp-content\/uploads\/2024\/03\/Epic-Tale-4-300x300.png\" class=\"attachment-woocommerce_thumbnail size-woocommerce_thumbnail\" alt=\"Canva Master\" srcset=\"https:\/\/jnanashikshakendra.com\/wp-content\/uploads\/2024\/03\/Epic-Tale-4-300x300.png 300w, https:\/\/jnanashikshakendra.com\/wp-content\/uploads\/2024\/03\/Epic-Tale-4-100x100.png 100w, https:\/\/jnanashikshakendra.com\/wp-content\/uploads\/2024\/03\/Epic-Tale-4-150x150.png 150w\" sizes=\"(max-width: 300px) 100vw, 300px\" \/><\/div>\n\t\t\t\t\t<div class=\"wc-block-grid__product-title\">Canva Master<\/div>\n\t\t\t\t<\/a>\n\t\t\t\t<div class=\"wc-block-grid__product-price price\"><del aria-hidden=\"true\"><span class=\"woocommerce-Price-amount amount\"><span class=\"woocommerce-Price-currencySymbol\">&#8377;<\/span>97.00<\/span><\/del> <span class=\"screen-reader-text\" data-no-translation=\"\" data-trp-gettext=\"\">Original price was: &#8377;97.00.<\/span><ins aria-hidden=\"true\"><span class=\"woocommerce-Price-amount amount\"><span class=\"woocommerce-Price-currencySymbol\">&#8377;<\/span>57.00<\/span><\/ins><span class=\"screen-reader-text\" data-no-translation=\"\" data-trp-gettext=\"\">Current price is: &#8377;57.00.<\/span><\/div>\n\t\t\t\t\n\t\t\t\t<div class=\"wp-block-button wc-block-grid__product-add-to-cart\"><a href=\"\/kn\/wp-json\/wp\/v2\/pages\/3497?add-to-cart=4069\" aria-label=\"Add to cart: \u201cCanva Master\u201d\" data-quantity=\"1\" data-product_id=\"4069\" data-product_sku=\"\" data-price=\"57\" rel=\"nofollow\" class=\"wp-block-button__link  add_to_cart_button ajax_add_to_cart\" data-no-translation=\"\" data-trp-gettext=\"\" data-no-translation-aria-label=\"\">Add to cart<\/a><\/div>\n\t\t\t<\/li><li class=\"wc-block-grid__product\">\n\t\t\t\t<a href=\"https:\/\/jnanashikshakendra.com\/kn\/product\/instant-reel-master-2\/\" class=\"wc-block-grid__product-link\">\n\t\t\t\t\t<div class=\"wc-block-grid__product-onsale\">\n\t\t\t<span aria-hidden=\"true\" data-no-translation=\"\" data-trp-gettext=\"\">Sale<\/span>\n\t\t\t<span class=\"screen-reader-text\" data-no-translation=\"\" data-trp-gettext=\"\">Product on sale<\/span>\n\t\t<\/div>\n\t\t\t\t\t<div class=\"wc-block-grid__product-image\"><img decoding=\"async\" width=\"300\" height=\"300\" src=\"https:\/\/jnanashikshakendra.com\/wp-content\/uploads\/2024\/03\/Epic-Tale-3-300x300.png\" class=\"attachment-woocommerce_thumbnail size-woocommerce_thumbnail\" alt=\"Instant Reel Master\" srcset=\"https:\/\/jnanashikshakendra.com\/wp-content\/uploads\/2024\/03\/Epic-Tale-3-300x300.png 300w, https:\/\/jnanashikshakendra.com\/wp-content\/uploads\/2024\/03\/Epic-Tale-3-100x100.png 100w, https:\/\/jnanashikshakendra.com\/wp-content\/uploads\/2024\/03\/Epic-Tale-3-150x150.png 150w\" sizes=\"(max-width: 300px) 100vw, 300px\" \/><\/div>\n\t\t\t\t\t<div class=\"wc-block-grid__product-title\">Instant Reel Master<\/div>\n\t\t\t\t<\/a>\n\t\t\t\t<div class=\"wc-block-grid__product-price price\"><del aria-hidden=\"true\"><span class=\"woocommerce-Price-amount amount\"><span class=\"woocommerce-Price-currencySymbol\">&#8377;<\/span>97.00<\/span><\/del> <span class=\"screen-reader-text\" data-no-translation=\"\" data-trp-gettext=\"\">Original price was: &#8377;97.00.<\/span><ins aria-hidden=\"true\"><span class=\"woocommerce-Price-amount amount\"><span class=\"woocommerce-Price-currencySymbol\">&#8377;<\/span>67.00<\/span><\/ins><span class=\"screen-reader-text\" data-no-translation=\"\" data-trp-gettext=\"\">Current price is: &#8377;67.00.<\/span><\/div>\n\t\t\t\t\n\t\t\t\t<div class=\"wp-block-button wc-block-grid__product-add-to-cart\"><a href=\"\/kn\/wp-json\/wp\/v2\/pages\/3497?add-to-cart=4067\" aria-label=\"Add to cart: \u201cInstant Reel Master\u201d\" data-quantity=\"1\" data-product_id=\"4067\" data-product_sku=\"\" data-price=\"67\" rel=\"nofollow\" class=\"wp-block-button__link  add_to_cart_button ajax_add_to_cart\" data-no-translation=\"\" data-trp-gettext=\"\" data-no-translation-aria-label=\"\">Add to cart<\/a><\/div>\n\t\t\t<\/li><li class=\"wc-block-grid__product\">\n\t\t\t\t<a href=\"https:\/\/jnanashikshakendra.com\/kn\/product\/khajana-khoja-abhiyan-treasure-hunt\/\" class=\"wc-block-grid__product-link\">\n\t\t\t\t\t<div class=\"wc-block-grid__product-onsale\">\n\t\t\t<span aria-hidden=\"true\" data-no-translation=\"\" data-trp-gettext=\"\">Sale<\/span>\n\t\t\t<span class=\"screen-reader-text\" data-no-translation=\"\" data-trp-gettext=\"\">Product on sale<\/span>\n\t\t<\/div>\n\t\t\t\t\t<div class=\"wc-block-grid__product-image\"><img decoding=\"async\" width=\"300\" height=\"300\" src=\"https:\/\/jnanashikshakendra.com\/wp-content\/uploads\/2024\/03\/Epic-Tale-7-300x300.png\" class=\"attachment-woocommerce_thumbnail size-woocommerce_thumbnail\" alt=\"Khaj\u0101n\u0101 Khoja Abhiy\u0101n (Treasure Hunt)\" srcset=\"https:\/\/jnanashikshakendra.com\/wp-content\/uploads\/2024\/03\/Epic-Tale-7-300x300.png 300w, https:\/\/jnanashikshakendra.com\/wp-content\/uploads\/2024\/03\/Epic-Tale-7-100x100.png 100w, https:\/\/jnanashikshakendra.com\/wp-content\/uploads\/2024\/03\/Epic-Tale-7-150x150.png 150w\" sizes=\"(max-width: 300px) 100vw, 300px\" \/><\/div>\n\t\t\t\t\t<div class=\"wc-block-grid__product-title\">Khaj\u0101n\u0101 Khoja Abhiy\u0101n (Treasure Hunt)<\/div>\n\t\t\t\t<\/a>\n\t\t\t\t<div class=\"wc-block-grid__product-price price\"><del aria-hidden=\"true\"><span class=\"woocommerce-Price-amount amount\"><span class=\"woocommerce-Price-currencySymbol\">&#8377;<\/span>207.00<\/span><\/del> <span class=\"screen-reader-text\" data-no-translation=\"\" data-trp-gettext=\"\">Original price was: &#8377;207.00.<\/span><ins aria-hidden=\"true\"><span class=\"woocommerce-Price-amount amount\"><span class=\"woocommerce-Price-currencySymbol\">&#8377;<\/span>108.00<\/span><\/ins><span class=\"screen-reader-text\" data-no-translation=\"\" data-trp-gettext=\"\">Current price is: &#8377;108.00.<\/span><\/div>\n\t\t\t\t\n\t\t\t\t<div class=\"wp-block-button wc-block-grid__product-add-to-cart\"><a href=\"\/kn\/wp-json\/wp\/v2\/pages\/3497?add-to-cart=4064\" aria-label=\"Add to cart: \u201cKhaj\u0101n\u0101 Khoja Abhiy\u0101n (Treasure Hunt)\u201d\" data-quantity=\"1\" data-product_id=\"4064\" data-product_sku=\"\" data-price=\"108\" rel=\"nofollow\" class=\"wp-block-button__link  add_to_cart_button ajax_add_to_cart\" data-no-translation=\"\" data-trp-gettext=\"\" data-no-translation-aria-label=\"\">Add to cart<\/a><\/div>\n\t\t\t<\/li><li class=\"wc-block-grid__product\">\n\t\t\t\t<a href=\"https:\/\/jnanashikshakendra.com\/kn\/product\/shloka-archana-shloka-recitation-4\/\" class=\"wc-block-grid__product-link\">\n\t\t\t\t\t<div class=\"wc-block-grid__product-onsale\">\n\t\t\t<span aria-hidden=\"true\" data-no-translation=\"\" data-trp-gettext=\"\">Sale<\/span>\n\t\t\t<span class=\"screen-reader-text\" data-no-translation=\"\" data-trp-gettext=\"\">Product on sale<\/span>\n\t\t<\/div>\n\t\t\t\t\t<div class=\"wc-block-grid__product-image\"><img loading=\"lazy\" decoding=\"async\" width=\"300\" height=\"300\" src=\"https:\/\/jnanashikshakendra.com\/wp-content\/uploads\/2024\/03\/2-300x300.png\" class=\"attachment-woocommerce_thumbnail size-woocommerce_thumbnail\" alt=\"Shloka Archana (Shloka Recitation)\" srcset=\"https:\/\/jnanashikshakendra.com\/wp-content\/uploads\/2024\/03\/2-300x300.png 300w, https:\/\/jnanashikshakendra.com\/wp-content\/uploads\/2024\/03\/2-100x100.png 100w, https:\/\/jnanashikshakendra.com\/wp-content\/uploads\/2024\/03\/2-150x150.png 150w\" sizes=\"(max-width: 300px) 100vw, 300px\" \/><\/div>\n\t\t\t\t\t<div class=\"wc-block-grid__product-title\">Shloka Archana (Shloka Recitation)<\/div>\n\t\t\t\t<\/a>\n\t\t\t\t<div class=\"wc-block-grid__product-price price\"><del aria-hidden=\"true\"><span class=\"woocommerce-Price-amount amount\"><span class=\"woocommerce-Price-currencySymbol\">&#8377;<\/span>97.00<\/span><\/del> <span class=\"screen-reader-text\" data-no-translation=\"\" data-trp-gettext=\"\">Original price was: &#8377;97.00.<\/span><ins aria-hidden=\"true\"><span class=\"woocommerce-Price-amount amount\"><span class=\"woocommerce-Price-currencySymbol\">&#8377;<\/span>47.00<\/span><\/ins><span class=\"screen-reader-text\" data-no-translation=\"\" data-trp-gettext=\"\">Current price is: &#8377;47.00.<\/span><\/div>\n\t\t\t\t\n\t\t\t\t<div class=\"wp-block-button wc-block-grid__product-add-to-cart\"><a href=\"\/kn\/wp-json\/wp\/v2\/pages\/3497?add-to-cart=4062\" aria-label=\"Add to cart: \u201cShloka Archana (Shloka Recitation)\u201d\" data-quantity=\"1\" data-product_id=\"4062\" data-product_sku=\"\" data-price=\"47\" rel=\"nofollow\" class=\"wp-block-button__link  add_to_cart_button ajax_add_to_cart\" data-no-translation=\"\" data-trp-gettext=\"\" data-no-translation-aria-label=\"\">Add to cart<\/a><\/div>\n\t\t\t<\/li><\/ul><\/div><\/div>\n<\/div>","protected":false},"excerpt":{"rendered":"","protected":false},"author":1,"featured_media":0,"parent":0,"menu_order":0,"comment_status":"closed","ping_status":"closed","template":"","meta":{"site-sidebar-layout":"default","site-content-layout":"","ast-site-content-layout":"","site-content-style":"default","site-sidebar-style":"default","ast-global-header-display":"","ast-banner-title-visibility":"","ast-main-header-display":"","ast-hfb-above-header-display":"","ast-hfb-below-header-display":"","ast-hfb-mobile-header-display":"","site-post-title":"","ast-breadcrumbs-content":"","ast-featured-img":"","footer-sml-layout":"","theme-transparent-header-meta":"","adv-header-id-meta":"","stick-header-meta":"","header-above-stick-meta":"","header-main-stick-meta":"","header-below-stick-meta":"","astra-migrate-meta-layouts":"default","ast-page-background-enabled":"default","ast-page-background-meta":{"desktop":{"background-color":"var(--ast-global-color-4)","background-image":"","background-repeat":"repeat","background-position":"center center","background-size":"auto","background-attachment":"scroll","background-type":"","background-media":"","overlay-type":"","overlay-color":"","overlay-gradient":""},"tablet":{"background-color":"","background-image":"","background-repeat":"repeat","background-position":"center center","background-size":"auto","background-attachment":"scroll","background-type":"","background-media":"","overlay-type":"","overlay-color":"","overlay-gradient":""},"mobile":{"background-color":"","background-image":"","background-repeat":"repeat","background-position":"center center","background-size":"auto","background-attachment":"scroll","background-type":"","background-media":"","overlay-type":"","overlay-color":"","overlay-gradient":""}},"ast-content-background-meta":{"desktop":{"background-color":"var(--ast-global-color-5)","background-image":"","background-repeat":"repeat","background-position":"center center","background-size":"auto","background-attachment":"scroll","background-type":"","background-media":"","overlay-type":"","overlay-color":"","overlay-gradient":""},"tablet":{"background-color":"var(--ast-global-color-5)","background-image":"","background-repeat":"repeat","background-position":"center center","background-size":"auto","background-attachment":"scroll","background-type":"","background-media":"","overlay-type":"","overlay-color":"","overlay-gradient":""},"mobile":{"background-color":"var(--ast-global-color-5)","background-image":"","background-repeat":"repeat","background-position":"center center","background-size":"auto","background-attachment":"scroll","background-type":"","background-media":"","overlay-type":"","overlay-color":"","overlay-gradient":""}},"_joinchat":[],"footnotes":""},"class_list":["post-3497","page","type-page","status-publish","hentry"],"yoast_head":"<!-- This site is optimized with the Yoast SEO plugin v27.3 - https:\/\/yoast.com\/product\/yoast-seo-wordpress\/ -->\n<title>Cart - \ud835\ude79\ud835\ude97\ud835\ude8a\ud835\ude97\ud835\ude8a \ud835\ude82\ud835\ude91\ud835\ude92\ud835\ude94\ud835\ude9c\ud835\ude91\ud835\ude8a \ud835\ude7a\ud835\ude8e\ud835\ude97\ud835\ude8d\ud835\ude9b\ud835\ude8a<\/title>\n<meta name=\"robots\" content=\"index, follow, max-snippet:-1, max-image-preview:large, max-video-preview:-1\" \/>\n<link rel=\"canonical\" href=\"https:\/\/jnanashikshakendra.com\/kn\/cart\/\" \/>\n<meta property=\"og:locale\" content=\"en_US\" \/>\n<meta property=\"og:type\" content=\"article\" \/>\n<meta property=\"og:title\" content=\"Cart - \ud835\ude79\ud835\ude97\ud835\ude8a\ud835\ude97\ud835\ude8a \ud835\ude82\ud835\ude91\ud835\ude92\ud835\ude94\ud835\ude9c\ud835\ude91\ud835\ude8a \ud835\ude7a\ud835\ude8e\ud835\ude97\ud835\ude8d\ud835\ude9b\ud835\ude8a\" \/>\n<meta property=\"og:url\" content=\"https:\/\/jnanashikshakendra.com\/kn\/cart\/\" \/>\n<meta property=\"og:site_name\" content=\"\ud835\ude79\ud835\ude97\ud835\ude8a\ud835\ude97\ud835\ude8a \ud835\ude82\ud835\ude91\ud835\ude92\ud835\ude94\ud835\ude9c\ud835\ude91\ud835\ude8a \ud835\ude7a\ud835\ude8e\ud835\ude97\ud835\ude8d\ud835\ude9b\ud835\ude8a\" \/>\n<meta name=\"twitter:card\" content=\"summary_large_image\" \/>\n<script type=\"application\/ld+json\" class=\"yoast-schema-graph\">{\"@context\":\"https:\\\/\\\/schema.org\",\"@graph\":[{\"@type\":\"WebPage\",\"@id\":\"https:\\\/\\\/jnanashikshakendra.com\\\/cart\\\/\",\"url\":\"https:\\\/\\\/jnanashikshakendra.com\\\/cart\\\/\",\"name\":\"Cart - \ud835\ude79\ud835\ude97\ud835\ude8a\ud835\ude97\ud835\ude8a \ud835\ude82\ud835\ude91\ud835\ude92\ud835\ude94\ud835\ude9c\ud835\ude91\ud835\ude8a \ud835\ude7a\ud835\ude8e\ud835\ude97\ud835\ude8d\ud835\ude9b\ud835\ude8a\",\"isPartOf\":{\"@id\":\"https:\\\/\\\/jnanashikshakendra.com\\\/#website\"},\"datePublished\":\"2024-03-23T18:35:04+00:00\",\"breadcrumb\":{\"@id\":\"https:\\\/\\\/jnanashikshakendra.com\\\/cart\\\/#breadcrumb\"},\"inLanguage\":\"kn\",\"potentialAction\":[{\"@type\":\"ReadAction\",\"target\":[\"https:\\\/\\\/jnanashikshakendra.com\\\/cart\\\/\"]}]},{\"@type\":\"BreadcrumbList\",\"@id\":\"https:\\\/\\\/jnanashikshakendra.com\\\/cart\\\/#breadcrumb\",\"itemListElement\":[{\"@type\":\"ListItem\",\"position\":1,\"name\":\"Home\",\"item\":\"https:\\\/\\\/jnanashikshakendra.com\\\/\"},{\"@type\":\"ListItem\",\"position\":2,\"name\":\"Cart\"}]},{\"@type\":\"WebSite\",\"@id\":\"https:\\\/\\\/jnanashikshakendra.com\\\/#website\",\"url\":\"https:\\\/\\\/jnanashikshakendra.com\\\/\",\"name\":\"Jnana Shiksha Kendra\",\"description\":\"Education Center of Supreme knowledge\",\"publisher\":{\"@id\":\"https:\\\/\\\/jnanashikshakendra.com\\\/#organization\"},\"potentialAction\":[{\"@type\":\"SearchAction\",\"target\":{\"@type\":\"EntryPoint\",\"urlTemplate\":\"https:\\\/\\\/jnanashikshakendra.com\\\/?s={search_term_string}\"},\"query-input\":{\"@type\":\"PropertyValueSpecification\",\"valueRequired\":true,\"valueName\":\"search_term_string\"}}],\"inLanguage\":\"kn\"},{\"@type\":\"Organization\",\"@id\":\"https:\\\/\\\/jnanashikshakendra.com\\\/#organization\",\"name\":\"Jnana shiksha kendra\",\"url\":\"https:\\\/\\\/jnanashikshakendra.com\\\/\",\"logo\":{\"@type\":\"ImageObject\",\"inLanguage\":\"kn\",\"@id\":\"https:\\\/\\\/jnanashikshakendra.com\\\/#\\\/schema\\\/logo\\\/image\\\/\",\"url\":\"https:\\\/\\\/jnanashikshakendra.com\\\/wp-content\\\/uploads\\\/2023\\\/04\\\/cropped-png_20230408_161216_0000.png\",\"contentUrl\":\"https:\\\/\\\/jnanashikshakendra.com\\\/wp-content\\\/uploads\\\/2023\\\/04\\\/cropped-png_20230408_161216_0000.png\",\"width\":512,\"height\":512,\"caption\":\"Jnana shiksha kendra\"},\"image\":{\"@id\":\"https:\\\/\\\/jnanashikshakendra.com\\\/#\\\/schema\\\/logo\\\/image\\\/\"},\"sameAs\":[\"https:\\\/\\\/www.instagram.com\\\/jnana_shiksha_kendra\\\/\",\"https:\\\/\\\/youtube.com\\\/@JnanaShikshaKendra\"]}]}<\/script>\n<!-- \/ Yoast SEO plugin. -->","yoast_head_json":{"title":"Cart - \ud835\ude79\ud835\ude97\ud835\ude8a\ud835\ude97\ud835\ude8a \ud835\ude82\ud835\ude91\ud835\ude92\ud835\ude94\ud835\ude9c\ud835\ude91\ud835\ude8a \ud835\ude7a\ud835\ude8e\ud835\ude97\ud835\ude8d\ud835\ude9b\ud835\ude8a","robots":{"index":"index","follow":"follow","max-snippet":"max-snippet:-1","max-image-preview":"max-image-preview:large","max-video-preview":"max-video-preview:-1"},"canonical":"https:\/\/jnanashikshakendra.com\/kn\/cart\/","og_locale":"en_US","og_type":"article","og_title":"Cart - \ud835\ude79\ud835\ude97\ud835\ude8a\ud835\ude97\ud835\ude8a \ud835\ude82\ud835\ude91\ud835\ude92\ud835\ude94\ud835\ude9c\ud835\ude91\ud835\ude8a \ud835\ude7a\ud835\ude8e\ud835\ude97\ud835\ude8d\ud835\ude9b\ud835\ude8a","og_url":"https:\/\/jnanashikshakendra.com\/kn\/cart\/","og_site_name":"\ud835\ude79\ud835\ude97\ud835\ude8a\ud835\ude97\ud835\ude8a \ud835\ude82\ud835\ude91\ud835\ude92\ud835\ude94\ud835\ude9c\ud835\ude91\ud835\ude8a \ud835\ude7a\ud835\ude8e\ud835\ude97\ud835\ude8d\ud835\ude9b\ud835\ude8a","twitter_card":"summary_large_image","schema":{"@context":"https:\/\/schema.org","@graph":[{"@type":"WebPage","@id":"https:\/\/jnanashikshakendra.com\/cart\/","url":"https:\/\/jnanashikshakendra.com\/cart\/","name":"Cart - \ud835\ude79\ud835\ude97\ud835\ude8a\ud835\ude97\ud835\ude8a \ud835\ude82\ud835\ude91\ud835\ude92\ud835\ude94\ud835\ude9c\ud835\ude91\ud835\ude8a \ud835\ude7a\ud835\ude8e\ud835\ude97\ud835\ude8d\ud835\ude9b\ud835\ude8a","isPartOf":{"@id":"https:\/\/jnanashikshakendra.com\/#website"},"datePublished":"2024-03-23T18:35:04+00:00","breadcrumb":{"@id":"https:\/\/jnanashikshakendra.com\/cart\/#breadcrumb"},"inLanguage":"kn","potentialAction":[{"@type":"ReadAction","target":["https:\/\/jnanashikshakendra.com\/cart\/"]}]},{"@type":"BreadcrumbList","@id":"https:\/\/jnanashikshakendra.com\/cart\/#breadcrumb","itemListElement":[{"@type":"ListItem","position":1,"name":"Home","item":"https:\/\/jnanashikshakendra.com\/"},{"@type":"ListItem","position":2,"name":"Cart"}]},{"@type":"WebSite","@id":"https:\/\/jnanashikshakendra.com\/#website","url":"https:\/\/jnanashikshakendra.com\/","name":"Jnana Shiksha Kendra","description":"Education Center of Supreme knowledge","publisher":{"@id":"https:\/\/jnanashikshakendra.com\/#organization"},"potentialAction":[{"@type":"SearchAction","target":{"@type":"EntryPoint","urlTemplate":"https:\/\/jnanashikshakendra.com\/?s={search_term_string}"},"query-input":{"@type":"PropertyValueSpecification","valueRequired":true,"valueName":"search_term_string"}}],"inLanguage":"kn"},{"@type":"Organization","@id":"https:\/\/jnanashikshakendra.com\/#organization","name":"Jnana shiksha kendra","url":"https:\/\/jnanashikshakendra.com\/","logo":{"@type":"ImageObject","inLanguage":"kn","@id":"https:\/\/jnanashikshakendra.com\/#\/schema\/logo\/image\/","url":"https:\/\/jnanashikshakendra.com\/wp-content\/uploads\/2023\/04\/cropped-png_20230408_161216_0000.png","contentUrl":"https:\/\/jnanashikshakendra.com\/wp-content\/uploads\/2023\/04\/cropped-png_20230408_161216_0000.png","width":512,"height":512,"caption":"Jnana shiksha kendra"},"image":{"@id":"https:\/\/jnanashikshakendra.com\/#\/schema\/logo\/image\/"},"sameAs":["https:\/\/www.instagram.com\/jnana_shiksha_kendra\/","https:\/\/youtube.com\/@JnanaShikshaKendra"]}]}},"_links":{"self":[{"href":"https:\/\/jnanashikshakendra.com\/kn\/wp-json\/wp\/v2\/pages\/3497","targetHints":{"allow":["GET"]}}],"collection":[{"href":"https:\/\/jnanashikshakendra.com\/kn\/wp-json\/wp\/v2\/pages"}],"about":[{"href":"https:\/\/jnanashikshakendra.com\/kn\/wp-json\/wp\/v2\/types\/page"}],"author":[{"embeddable":true,"href":"https:\/\/jnanashikshakendra.com\/kn\/wp-json\/wp\/v2\/users\/1"}],"replies":[{"embeddable":true,"href":"https:\/\/jnanashikshakendra.com\/kn\/wp-json\/wp\/v2\/comments?post=3497"}],"version-history":[{"count":0,"href":"https:\/\/jnanashikshakendra.com\/kn\/wp-json\/wp\/v2\/pages\/3497\/revisions"}],"wp:attachment":[{"href":"https:\/\/jnanashikshakendra.com\/kn\/wp-json\/wp\/v2\/media?parent=3497"}],"curies":[{"name":"wp","href":"https:\/\/api.w.org\/{rel}","templated":true}]}}